{"id":32,"date":"2019-08-06T11:21:46","date_gmt":"2019-08-06T11:21:46","guid":{"rendered":"https:\/\/airtech2.bolvo.com\/demo2\/?page_id=32"},"modified":"2026-03-30T18:50:47","modified_gmt":"2026-03-30T18:50:47","slug":"homepage","status":"publish","type":"page","link":"https:\/\/hvac.instal-prodan.ro\/","title":{"rendered":"Instal Prodan &#8211; Servicii AC &#038; Incalzire"},"content":{"rendered":"\t\t<div data-elementor-type=\"wp-post\" data-elementor-id=\"32\" class=\"elementor elementor-32\" data-elementor-post-type=\"page\">\n\t\t\t\t\t\t<section class=\"elementor-section elementor-top-section elementor-element elementor-element-eac5c68 elementor-section-full_width elementor-section-height-default elementor-section-height-default\" data-id=\"eac5c68\" data-element_type=\"section\" data-e-type=\"section\">\n\t\t\t\t\t\t<div class=\"elementor-container elementor-column-gap-no\">\n\t\t\t\t\t<div class=\"elementor-column elementor-col-100 elementor-top-column elementor-element elementor-element-928245f\" data-id=\"928245f\" data-element_type=\"column\" data-e-type=\"column\">\n\t\t\t<div class=\"elementor-widget-wrap elementor-element-populated\">\n\t\t\t\t\t\t<div class=\"elementor-element elementor-element-34ecbe9 elementor-widget elementor-widget-ucaddon_welcomearea\" data-id=\"34ecbe9\" data-element_type=\"widget\" data-e-type=\"widget\" data-widget_type=\"ucaddon_welcomearea.default\">\n\t\t\t\t<div class=\"elementor-widget-container\">\n\t\t\t\t\t\n<!-- start Welcome area -->\n<style>\/* widget: Welcome area *\/\n\n\n\n\n\n<\/style>\n\n<section class=\"home_banner_area\">\n  <div class=\"container\">\n    <div class=\"row home_banner_inner\">\n      <div class=\"col-lg-8 col-md-7\">\n        <div class=\"left_text\">\n          <h5>Rezolv\u0103m problema<\/h5>\n          <h3>Garantat<\/h3>\n          <p>Daca ai o urgen\u021b\u0103<br \/>nu ezita s\u0103 ne suni<\/p>\n          <a class=\"tel\" href=\"Tel:40774692412\">0774692412<\/a>\n          <a class=\"main_btn\" href=\"tel:0774692412\">Sun\u0103-ne<\/a>\n        <\/div>\n      <\/div>\n      <div class=\"col-lg-4 col-md-5\">\n        <div class=\"schedule_box\">\n          <img decoding=\"async\" src=\"https:\/\/cdn.bolvo.com\/images\/down-icon.png\" alt=\"down arrow\" \/>          <h4>Schedule<\/h4>\n          <h5>An appointment<\/h5>\n          \n<div class=\"wpcf7 no-js\" id=\"wpcf7-f454-o1\" lang=\"en-US\" dir=\"ltr\" data-wpcf7-id=\"454\">\n<div class=\"screen-reader-response\"><p role=\"status\" aria-live=\"polite\" aria-atomic=\"true\"><\/p> <ul><\/ul><\/div>\n<form action=\"\/index.php\/wp-json\/wp\/v2\/pages\/32#wpcf7-f454-o1\" method=\"post\" class=\"wpcf7-form init demo\" aria-label=\"Contact form\" novalidate=\"novalidate\" data-status=\"init\">\n<fieldset class=\"hidden-fields-container\"><input type=\"hidden\" name=\"_wpcf7\" value=\"454\" \/><input type=\"hidden\" name=\"_wpcf7_version\" value=\"6.1.5\" \/><input type=\"hidden\" name=\"_wpcf7_locale\" value=\"en_US\" \/><input type=\"hidden\" name=\"_wpcf7_unit_tag\" value=\"wpcf7-f454-o1\" \/><input type=\"hidden\" name=\"_wpcf7_container_post\" value=\"0\" \/><input type=\"hidden\" name=\"_wpcf7_posted_data_hash\" value=\"\" \/>\n<\/fieldset>\n<div class=\"form-row contact_us_form\">\n\t<div class=\"form-group col-lg-12\">\n\t\t<p><span class=\"wpcf7-form-control-wrap\" data-name=\"form-name\"><input size=\"40\" maxlength=\"400\" class=\"wpcf7-form-control wpcf7-text wpcf7-validates-as-required form-control\" aria-required=\"true\" aria-invalid=\"false\" placeholder=\"Your Name\" value=\"\" type=\"text\" name=\"form-name\" \/><\/span>\n\t\t<\/p>\n\t<\/div>\n\t<div class=\"form-group col-lg-12\">\n\t\t<p><span class=\"wpcf7-form-control-wrap\" data-name=\"form-email\"><input size=\"40\" maxlength=\"400\" class=\"wpcf7-form-control wpcf7-email wpcf7-validates-as-required wpcf7-text wpcf7-validates-as-email form-control\" aria-required=\"true\" aria-invalid=\"false\" placeholder=\"Your Email\" value=\"\" type=\"email\" name=\"form-email\" \/><\/span>\n\t\t<\/p>\n\t<\/div>\n\t<div class=\"form-group col-lg-12\">\n\t\t<p><span class=\"wpcf7-form-control-wrap\" data-name=\"form-phone\"><input size=\"40\" maxlength=\"400\" class=\"wpcf7-form-control wpcf7-tel wpcf7-text wpcf7-validates-as-tel form-control\" aria-invalid=\"false\" placeholder=\"Phone\" value=\"\" type=\"tel\" name=\"form-phone\" \/><\/span>\n\t\t<\/p>\n\t<\/div>\n\t<div class=\"form-group col-lg-12\">\n\t\t<p><span class=\"wpcf7-form-control-wrap\" data-name=\"form-services\"><input size=\"40\" maxlength=\"400\" class=\"wpcf7-form-control wpcf7-text wpcf7-validates-as-required form-control\" aria-required=\"true\" aria-invalid=\"false\" placeholder=\"Service\" value=\"\" type=\"text\" name=\"form-services\" \/><\/span>\n\t\t<\/p>\n\t<\/div>\n\t<div class=\"form-group col-lg-12\">\n\t\t<p><span class=\"wpcf7-form-control-wrap\" data-name=\"form-message\"><textarea cols=\"40\" rows=\"10\" maxlength=\"2000\" class=\"wpcf7-form-control wpcf7-textarea wpcf7-validates-as-required form-control\" aria-required=\"true\" aria-invalid=\"false\" placeholder=\"Description of requirements\" name=\"form-message\"><\/textarea><\/span>\n\t\t<\/p>\n\t<\/div>\n\t<div class=\"form-group col-lg-12\">\n\t\t<p><span class=\"wpcf7-form-control-wrap\" data-name=\"date-957\"><input class=\"wpcf7-form-control wpcf7-date wpcf7-validates-as-date form-control\" aria-invalid=\"false\" value=\"\" type=\"date\" name=\"date-957\" \/><\/span>\n\t\t<\/p>\n\t<\/div>\n\t<div class=\"form-group col-lg-12\">\n\t\t<p><input class=\"wpcf7-form-control wpcf7-submit has-spinner btn submit_btn\" type=\"submit\" value=\"submit now\" \/>\n\t\t<\/p>\n\t<\/div>\n<\/div><div class=\"wpcf7-response-output\" aria-hidden=\"true\"><\/div>\n<\/form>\n<\/div>\n\n        <\/div>\n      <\/div>\n    <\/div>\n  <\/div>\n<\/section>\n<!-- end Welcome area -->\t\t\t\t<\/div>\n\t\t\t\t<\/div>\n\t\t\t\t\t<\/div>\n\t\t<\/div>\n\t\t\t\t\t<\/div>\n\t\t<\/section>\n\t\t\t\t<section class=\"elementor-section elementor-top-section elementor-element elementor-element-40ad024 elementor-section-full_width elementor-section-height-default elementor-section-height-default\" data-id=\"40ad024\" data-element_type=\"section\" data-e-type=\"section\">\n\t\t\t\t\t\t<div class=\"elementor-container elementor-column-gap-no\">\n\t\t\t\t\t<div class=\"elementor-column elementor-col-100 elementor-top-column elementor-element elementor-element-fedee4d\" data-id=\"fedee4d\" data-element_type=\"column\" data-e-type=\"column\">\n\t\t\t<div class=\"elementor-widget-wrap elementor-element-populated\">\n\t\t\t\t\t\t<div class=\"elementor-element elementor-element-2294373 elementor-widget elementor-widget-ucaddon_homectaarea\" data-id=\"2294373\" data-element_type=\"widget\" data-e-type=\"widget\" data-widget_type=\"ucaddon_homectaarea.default\">\n\t\t\t\t<div class=\"elementor-widget-container\">\n\t\t\t\t\t\n<!-- start Home CTA area -->\n\n<section class=\"emergency_call_area\">\n  <div class=\"container\">\n    <div class=\"d-flex justify-content-between\">\n      <div class=\"left\">\n        <h4>Confortul t\u0103u, prioritatea noastr\u0103!<\/h4>\n        <p>Tehnicieni no\u0219tri v\u0103 stau la dispozi\u021bie 24\/7!<\/p>\n      <\/div>\n      <div class=\"right\">\n        <a href=\"tel:0774692412\"><h5>Contacta\u021bi-ne<\/h5><\/a>\n      <\/div>\n    <\/div>\n  <\/div>\n<\/section>\n\n<!-- end Home CTA area -->\t\t\t\t<\/div>\n\t\t\t\t<\/div>\n\t\t\t\t\t<\/div>\n\t\t<\/div>\n\t\t\t\t\t<\/div>\n\t\t<\/section>\n\t\t\t\t<section class=\"elementor-section elementor-top-section elementor-element elementor-element-0b77028 elementor-section-full_width elementor-section-height-default elementor-section-height-default\" data-id=\"0b77028\" data-element_type=\"section\" data-e-type=\"section\">\n\t\t\t\t\t\t<div class=\"elementor-container elementor-column-gap-no\">\n\t\t\t\t\t<div class=\"elementor-column elementor-col-100 elementor-top-column elementor-element elementor-element-66de587\" data-id=\"66de587\" data-element_type=\"column\" data-e-type=\"column\">\n\t\t\t<div class=\"elementor-widget-wrap elementor-element-populated\">\n\t\t\t\t\t\t<div class=\"elementor-element elementor-element-921389f elementor-widget elementor-widget-ucaddon_homeservices\" data-id=\"921389f\" data-element_type=\"widget\" data-e-type=\"widget\" data-widget_type=\"ucaddon_homeservices.default\">\n\t\t\t\t<div class=\"elementor-widget-container\">\n\t\t\t\t\t\n<!-- start Home Services -->\n\n\n<section class=\"repair_service_area p_100\">\n  <div class=\"container\">\n    <div class=\"center_title_big text-center\">\n      <h2>Servicii de montare aer condi\u021bionat & cetrale termice, mentenanta<br \/>\u00een loca\u021bia ta<\/h2>\n      <p>Confortul t\u0103u \u00eencepe cu o instalare corect\u0103! Oferim servicii profesionale de montaj pentru aparate de aer condi\u021bionat \u0219i centrale termice, direct la tine acas\u0103. Beneficiezi \u0219i de mentenan\u021b\u0103 periodic\u0103 pentru a te bucura de eficien\u021b\u0103, siguran\u021b\u0103 \u0219i lini\u0219te \u00een orice sezon.<\/p>\n    <\/div>\n    <div class=\"row repair_service_inner\">\n\n      <div class=\"col-lg-3 col-md-6\">\n  <div class=\"r_service_item\">\n    <img decoding=\"async\" class=\"rounded-circle\" src=\"https:\/\/hvac.instal-prodan.ro\/wp-content\/uploads\/2025\/06\/r-service-2.png\" alt=\"\">\n    <a href=\"#\"><h4>Aer Condi\u021bionat<\/h4><\/a>\n  <\/div>\n<\/div>\n<div class=\"col-lg-3 col-md-6\">\n  <div class=\"r_service_item\">\n    <img decoding=\"async\" class=\"rounded-circle\" src=\"https:\/\/hvac.instal-prodan.ro\/wp-content\/uploads\/2025\/06\/r-service-1.png\" alt=\"\">\n    <a href=\"#\"><h4>\u00cenc\u0103lzire<\/h4><\/a>\n  <\/div>\n<\/div>\n<div class=\"col-lg-3 col-md-6\">\n  <div class=\"r_service_item\">\n    <img decoding=\"async\" class=\"rounded-circle\" src=\"https:\/\/hvac.instal-prodan.ro\/wp-content\/uploads\/2025\/06\/r-service-3.png\" alt=\"\">\n    <a href=\"#\"><h4>Instalare & Reoarare<\/h4><\/a>\n  <\/div>\n<\/div>\n<div class=\"col-lg-3 col-md-6\">\n  <div class=\"r_service_item\">\n    <img decoding=\"async\" class=\"rounded-circle\" src=\"https:\/\/hvac.instal-prodan.ro\/wp-content\/uploads\/2025\/06\/r-service-4.png\" alt=\"\">\n    <a href=\"#\"><h4>Servicii AC\/Incalzire<\/h4><\/a>\n  <\/div>\n<\/div>\n\n\n    <\/div>\n  <\/div>\n<\/section>\n\n\n<!-- end Home Services -->\t\t\t\t<\/div>\n\t\t\t\t<\/div>\n\t\t\t\t\t<\/div>\n\t\t<\/div>\n\t\t\t\t\t<\/div>\n\t\t<\/section>\n\t\t\t\t<section class=\"elementor-section elementor-top-section elementor-element elementor-element-6f2897c elementor-section-full_width elementor-section-height-default elementor-section-height-default\" data-id=\"6f2897c\" data-element_type=\"section\" data-e-type=\"section\">\n\t\t\t\t\t\t<div class=\"elementor-container elementor-column-gap-no\">\n\t\t\t\t\t<div class=\"elementor-column elementor-col-100 elementor-top-column elementor-element elementor-element-b4b43a9\" data-id=\"b4b43a9\" data-element_type=\"column\" data-e-type=\"column\">\n\t\t\t<div class=\"elementor-widget-wrap elementor-element-populated\">\n\t\t\t\t\t\t<div class=\"elementor-element elementor-element-9b7ee68 elementor-widget elementor-widget-ucaddon_homevideoarea\" data-id=\"9b7ee68\" data-element_type=\"widget\" data-e-type=\"widget\" data-widget_type=\"ucaddon_homevideoarea.default\">\n\t\t\t\t<div class=\"elementor-widget-container\">\n\t\t\t\t\t\n<!-- start Home Video Area -->\n<style>\/* widget: Home Video Area *\/\n\n.company_video_area {\n    background-image: url();\n}\n\n<\/style>\n\n<section class=\"company_video_area\">\n  <div class=\"container\">\n    <div class=\"row\">\n      <div class=\"col-lg-6\">\n        <div class=\"company_text\">\n          <div class=\"company_text_part\">\n            <h4>Despre noi<\/h4>\n            <p>Instal Prodan SRL este o companie specializat\u0103 \u00een servicii de instala\u021bii termice \u0219i sanitare, oferind solu\u021bii moderne, eficiente \u0219i durabile pentru confortul \u0219i siguran\u021ba locuin\u021bei tale. Cu o echip\u0103 de profesioni\u0219ti bine preg\u0103ti\u021bi \u0219i o experien\u021b\u0103 solid\u0103 \u00een domeniu, ne ocup\u0103m de montajul \u0219i mentenan\u021ba aparatelor de aer condi\u021bionat, centralelor termice, sistemelor de \u00eenc\u0103lzire \u0219i a instala\u021biilor sanitare. Oferim interven\u021bii rapide, consultan\u021b\u0103 tehnic\u0103 \u0219i lucr\u0103ri executate la cele mai \u00eenalte standarde, pun\u00e2nd accent pe calitate, promptitudine \u0219i satisfac\u021bia clien\u021bilor. Fie c\u0103 este vorba de o instalare nou\u0103 sau de o repara\u021bie urgent\u0103, Instal Prodan SRL este partenerul de \u00eencredere \u00een fiecare etap\u0103.<\/p>\n          <\/div>\n                    <div class=\"company_text_part\">\n            <h4>Ai \u00eencredere \u00een noi<\/h4>\n            <p>La Instal Prodan SRL, echipa noastr\u0103 de exper\u021bi are experien\u021b\u0103 \u0219i profesionalism, oferind servicii rapide \u0219i de calitate. Ne asigur\u0103m c\u0103 fiecare lucrare este f\u0103cut\u0103 corect, pentru confortul \u0219i siguran\u021ba ta.<\/p>\n          <\/div>\n                  <\/div>\n      <\/div>\n      <div class=\"col-lg-6\">\n        <div class=\"youtube_video\">\n              <img decoding=\"async\" src=\"\" alt=\"\" \/>\n        \t <a class=\"popup-youtube\" href=\"\"><i class=\"play\"><\/i><\/a>\n        <\/div>\n      <\/div>\n    <\/div>\n  <\/div>\n<\/section>\n<!-- end Home Video Area -->\t\t\t\t<\/div>\n\t\t\t\t<\/div>\n\t\t\t\t\t<\/div>\n\t\t<\/div>\n\t\t\t\t\t<\/div>\n\t\t<\/section>\n\t\t\t\t<section class=\"elementor-section elementor-top-section elementor-element elementor-element-c5bde8e elementor-section-full_width elementor-section-height-default elementor-section-height-default\" data-id=\"c5bde8e\" data-element_type=\"section\" data-e-type=\"section\">\n\t\t\t\t\t\t<div class=\"elementor-container elementor-column-gap-no\">\n\t\t\t\t\t<div class=\"elementor-column elementor-col-100 elementor-top-column elementor-element elementor-element-aef28c3\" data-id=\"aef28c3\" data-element_type=\"column\" data-e-type=\"column\">\n\t\t\t<div class=\"elementor-widget-wrap elementor-element-populated\">\n\t\t\t\t\t\t<div class=\"elementor-element elementor-element-8e88017 elementor-widget elementor-widget-ucaddon_homechoosingcontractor\" data-id=\"8e88017\" data-element_type=\"widget\" data-e-type=\"widget\" data-widget_type=\"ucaddon_homechoosingcontractor.default\">\n\t\t\t\t<div class=\"elementor-widget-container\">\n\t\t\t\t\t\n<!-- start Home Choosing Contractor -->\n\n<section class=\"choose_contract_area pad_top\">\n  <div class=\"container\">\n    <div class=\"contract_part\">\n      <div class=\"row\">\n        <div class=\"col-lg-8\">\n          <div class=\"contract_text\">\n            <h4>Alege un instalator HVAC care \u00ee\u021bi poate satisface nevoile<\/h4>\n            <p>G\u0103se\u0219te un specialist de \u00eencredere pentru montaj, repara\u021bii \u0219i \u00eentre\u021binere HVAC, exact a\u0219a cum ai nevoie. Servicii rapide, sigure \u0219i adaptate fiec\u0103rui spa\u021biu.<\/p>\n            <p> Confortul t\u0103u \u00eencepe cu alegerea corect\u0103. Alege un instalator HVAC cu experien\u021b\u0103, care \u00ee\u021bi ofer\u0103 solu\u021bii personalizate \u0219i lucr\u0103ri de calitate.<\/p>\n            <ul><li data-start=\"290\" data-end=\"362\"><p data-start=\"292\" data-end=\"362\"><a href=\"#\">Istalare aparate de aer condi\u021bionat (split, multisplit, duct, caset\u0103)<\/a><\/p><\/li><li data-start=\"363\" data-end=\"397\"><p data-start=\"365\" data-end=\"397\">Mentenan\u021b\u0103 periodic\u0103 aparate A\/C<\/p><\/li><li data-start=\"398\" data-end=\"443\"><p data-start=\"400\" data-end=\"443\">Cur\u0103\u021bare filtre, vaporizator \u0219i condensator<\/p><\/li><li data-start=\"657\" data-end=\"703\"><p data-start=\"659\" data-end=\"703\">Montaj centrale termice pe gaz sau electrice<\/p><\/li><li data-start=\"704\" data-end=\"742\"><p data-start=\"706\" data-end=\"742\">Punere \u00een func\u021biune centrale termice<\/p><\/li><li data-start=\"743\" data-end=\"784\"><p data-start=\"745\" data-end=\"784\">Revizii tehnice \u0219i verific\u0103ri periodice<\/p><\/li><li data-start=\"785\" data-end=\"830\"><p data-start=\"787\" data-end=\"830\">Cur\u0103\u021bare chimic\u0103 a instala\u021biei de \u00eenc\u0103lzire<\/p><\/li><li data-start=\"831\" data-end=\"892\"><p data-start=\"833\" data-end=\"892\">\u00cenlocuire componente defecte (pomp\u0103, ventil, robinet, etc.)<\/p><\/li><li data-start=\"1289\" data-end=\"1363\"><p data-start=\"1291\" data-end=\"1363\">Montaj sisteme de ventila\u021bie mecanic\u0103 cu recuperare de c\u0103ldur\u0103 (HRV\/ERV)<\/p><\/li><li data-start=\"1364\" data-end=\"1411\"><p data-start=\"1366\" data-end=\"1411\">Cur\u0103\u021bare \u0219i \u00eentre\u021binere sisteme de ventila\u021bie<\/p><\/li><li data-start=\"1412\" data-end=\"1449\"><p data-start=\"1414\" data-end=\"1449\">Montare hote \u0219i evacu\u0103ri aer viciat<\/p><\/li><\/ul>\n          <\/div>\n        <\/div>\n                <div class=\"col-lg-4\">\n          <div class=\"contract_discount\">\n            <h4> Transport Gratuit<\/h4>\n<h5>Ofert\u0103 de nerefuzat<br \/>nu rata oferta<\/h5>\n<p>Cump\u0103r\u0103 1 aer conditionat de pe site-ul nostru si ai transport gratuit<\/p>\n<a href=\"#\">Pentru clien\u021bi noi<\/a><h6>Expire on : Dec 05, 2025<\/h6>\n          <\/div>\n          <a class=\"print\" href=\"tel:0774692412\"><\/a>\n          <a class=\"more\" href=\"\"><\/a>\n        <\/div>\n              <\/div>\n    <\/div>\n        <div class=\"service_part\">\n      <div class=\"row\">\n        <div class=\"col-lg-8\">\n          <div class=\"service_contract_text\">\n            <h4>Pre\u021buri Corecte \u0219i Servicii de Calitate <\/h4>\n            <p>La Instal Prodan SRL, oferim servicii profesionale la pre\u021buri corecte, f\u0103r\u0103 costuri ascunse. Fiecare interven\u021bie este realizat\u0103 cu aten\u021bie la detalii, materiale de calitate \u0219i respect fa\u021b\u0103 de client. Calitate garantat\u0103, la un tarif pe m\u0103sur\u0103.<\/p>\n            <ul class=\"nav nav3\"><li><a href=\"#\">Ne deplasam oriunde in \u021aar\u0103<\/a><\/li><li><a href=\"#\">Disponibili 24\/7<\/a><\/li><li><a href=\"#\">AEchipa nastr\u0103 are experient\u0103 de peste 10 ani<\/a><\/li><li><a href=\"#\">Instal\u0103m orice tip de aer condi\u021bionat<\/a><\/li><li><a href=\"#\">Fully Licensed, Bonded &amp; Insured<\/a><\/li><li><a href=\"#\">NATE Certified Technicians<\/a><\/li><\/ul>\n          <\/div>\n        <\/div>\n              <\/div>\n    <\/div>\n      <\/div>\n<\/section>\n<!-- end Home Choosing Contractor -->\t\t\t\t<\/div>\n\t\t\t\t<\/div>\n\t\t\t\t\t<\/div>\n\t\t<\/div>\n\t\t\t\t\t<\/div>\n\t\t<\/section>\n\t\t\t\t<section class=\"elementor-section elementor-top-section elementor-element elementor-element-5de6fb3 elementor-section-full_width elementor-section-height-default elementor-section-height-default\" data-id=\"5de6fb3\" data-element_type=\"section\" data-e-type=\"section\">\n\t\t\t\t\t\t<div class=\"elementor-container elementor-column-gap-no\">\n\t\t\t\t\t<div class=\"elementor-column elementor-col-100 elementor-top-column elementor-element elementor-element-9be7178\" data-id=\"9be7178\" data-element_type=\"column\" data-e-type=\"column\">\n\t\t\t<div class=\"elementor-widget-wrap elementor-element-populated\">\n\t\t\t\t\t\t<div class=\"elementor-element elementor-element-2c731fd elementor-widget elementor-widget-ucaddon_homebrandssection\" data-id=\"2c731fd\" data-element_type=\"widget\" data-e-type=\"widget\" data-widget_type=\"ucaddon_homebrandssection.default\">\n\t\t\t\t<div class=\"elementor-widget-container\">\n\t\t\t\t\t\n<!-- start Home Brands Section -->\n\n<section class=\"client_service_area\">\n  <div class=\"container\">\n    <div class=\"single_title blue  text-center \">\n      <h2>Instal\u0103m \u0219i curat\u0103m orice tip de AC<\/h2>\n    <\/div>\n    <div class=\"client_slider owl-carousel\">\n      \n      <div class=\"item\">\n  <img decoding=\"async\" src=\"https:\/\/hvac.instal-prodan.ro\/wp-content\/uploads\/2025\/06\/9396ec_c78b1ee172bb4364be3a372b762f5658mv2.avif\" alt=\"9396ec_c78b1ee172bb4364be3a372b762f5658~mv2\">\n<\/div>\n<div class=\"item\">\n  <img decoding=\"async\" src=\"https:\/\/hvac.instal-prodan.ro\/wp-content\/uploads\/2025\/06\/25393_10784_prd.png\" alt=\"25393_10784_prd\">\n<\/div>\n<div class=\"item\">\n  <img decoding=\"async\" src=\"https:\/\/hvac.instal-prodan.ro\/wp-content\/uploads\/2025\/06\/30046_12092_prd.webp\" alt=\"30046_12092_prd\">\n<\/div>\n<div class=\"item\">\n  <img decoding=\"async\" src=\"https:\/\/hvac.instal-prodan.ro\/wp-content\/uploads\/2025\/06\/33392_13181_prd.png\" alt=\"33392_13181_prd\">\n<\/div>\n<div class=\"item\">\n  <img decoding=\"async\" src=\"https:\/\/hvac.instal-prodan.ro\/wp-content\/uploads\/2025\/06\/33391_13181_prd.png\" alt=\"33391_13181_prd\">\n<\/div>\n<div class=\"item\">\n  <img decoding=\"async\" src=\"https:\/\/hvac.instal-prodan.ro\/wp-content\/uploads\/2025\/06\/9396ec_c78b1ee172bb4364be3a372b762f5658mv2.avif\" alt=\"9396ec_c78b1ee172bb4364be3a372b762f5658~mv2\">\n<\/div>\n\n\n    <\/div>\n  <\/div>\n<\/section>\n<!-- end Home Brands Section -->\t\t\t\t<\/div>\n\t\t\t\t<\/div>\n\t\t\t\t\t<\/div>\n\t\t<\/div>\n\t\t\t\t\t<\/div>\n\t\t<\/section>\n\t\t\t\t<\/div>\n\t\t","protected":false},"excerpt":{"rendered":"<p>Rezolv\u0103m problema Garantat Daca ai o urgen\u021b\u0103nu ezita s\u0103 ne suni 0774692412 Sun\u0103-ne Schedule An appointment Confortul t\u0103u, prioritatea noastr\u0103! Tehnicieni no\u0219tri v\u0103 stau la dispozi\u021bie 24\/7! Contacta\u021bi-ne Servicii de montare aer condi\u021bionat &#038; cetrale termice, mentenanta\u00een loca\u021bia ta Confortul t\u0103u \u00eencepe cu o instalare corect\u0103! Oferim servicii profesionale de montaj pentru aparate de aer [&hellip;]<\/p>\n","protected":false},"author":1,"featured_media":0,"parent":0,"menu_order":0,"comment_status":"closed","ping_status":"closed","template":"","meta":{"footnotes":""},"class_list":["post-32","page","type-page","status-publish","hentry"],"_links":{"self":[{"href":"https:\/\/hvac.instal-prodan.ro\/index.php\/wp-json\/wp\/v2\/pages\/32","targetHints":{"allow":["GET"]}}],"collection":[{"href":"https:\/\/hvac.instal-prodan.ro\/index.php\/wp-json\/wp\/v2\/pages"}],"about":[{"href":"https:\/\/hvac.instal-prodan.ro\/index.php\/wp-json\/wp\/v2\/types\/page"}],"author":[{"embeddable":true,"href":"https:\/\/hvac.instal-prodan.ro\/index.php\/wp-json\/wp\/v2\/users\/1"}],"replies":[{"embeddable":true,"href":"https:\/\/hvac.instal-prodan.ro\/index.php\/wp-json\/wp\/v2\/comments?post=32"}],"version-history":[{"count":31,"href":"https:\/\/hvac.instal-prodan.ro\/index.php\/wp-json\/wp\/v2\/pages\/32\/revisions"}],"predecessor-version":[{"id":2774,"href":"https:\/\/hvac.instal-prodan.ro\/index.php\/wp-json\/wp\/v2\/pages\/32\/revisions\/2774"}],"wp:attachment":[{"href":"https:\/\/hvac.instal-prodan.ro\/index.php\/wp-json\/wp\/v2\/media?parent=32"}],"curies":[{"name":"wp","href":"https:\/\/api.w.org\/{rel}","templated":true}]}}